{"id":156552,"date":"2025-04-02T15:41:12","date_gmt":"2025-04-02T13:41:12","guid":{"rendered":"https:\/\/www.fortezzahome.ch\/privacy-policy\/"},"modified":"2025-12-04T18:04:36","modified_gmt":"2025-12-04T17:04:36","slug":"privacy-policy","status":"publish","type":"page","link":"https:\/\/www.fortezzahome.ch\/de\/privacy-policy\/","title":{"rendered":"Privacy Policy"},"content":{"rendered":"<div class=\"wpb-content-wrapper\"><p>[vc_row row_height_percent=&#8221;0&#8243; override_padding=&#8221;yes&#8221; h_padding=&#8221;2&#8243; top_padding=&#8221;4&#8243; bottom_padding=&#8221;4&#8243; overlay_alpha=&#8221;50&#8243; gutter_size=&#8221;3&#8243; column_width_percent=&#8221;100&#8243; shift_y=&#8221;0&#8243; z_index=&#8221;0&#8243; inverted_device_order=&#8221;yes&#8221; content_parallax=&#8221;0&#8243; uncode_shortcode_id=&#8221;122635&#8243;][vc_column width=&#8221;2\/3&#8243;][vc_empty_space empty_h=&#8221;2&#8243; desktop_visibility=&#8221;yes&#8221;][vc_custom_heading text_size=&#8221;fontsize-104866&#8243; uncode_shortcode_id=&#8221;198183&#8243;]Datenschutz und Rechtsgrundlage[\/vc_custom_heading][vc_column_text text_lead=&#8221;small&#8221; uncode_shortcode_id=&#8221;400701&#8243;]<\/p>\n<h3>1. Wer wir sind<\/h3>\n<p>Der f\u00fcr die Verarbeitung Ihrer pers\u00f6nlichen Daten Verantwortliche ist<br \/>\nFortezza Home Casa<br \/>\n(nachstehend Abk\u00fcrzung).<\/p>\n<p>Bei Fragen zum Datenschutz k\u00f6nnen Sie sich unter den folgenden Kontaktdaten an uns wenden:<br \/>\nVia Centrale 3<br \/>\n6500 Bellinzona[\/vc_column_text][vc_column_text text_lead=&#8221;small&#8221; uncode_shortcode_id=&#8221;192402&#8243;]<\/p>\n<h3>2. Personenbezogene Daten und Datenverarbeitung<\/h3>\n<p>Zu den personenbezogenen Daten, die wir \u00fcber Sie verarbeiten, geh\u00f6ren:<\/p>\n<ul>\n<li>Kontaktinformationen wie Ihr Name, Ihre Postanschrift, Ihre E-Mail-Adresse oder Ihre Telefonnummer; Ihre Position oder Ihr Titel; und andere grundlegende Informationen;<\/li>\n<li>pers\u00f6nliche Daten wie Geschlecht, Geburtstag und Alter, Familienstand oder Staatsangeh\u00f6rigkeit;<\/li>\n<li>Aufzeichnungen \u00fcber Ihre Besuche auf Websites und Ihre Nutzung von Apps;<br \/>\nfinanzielle Informationen (z. B. Zahlungsinformationen);<\/li>\n<li>Informationen, die Sie uns f\u00fcr die Teilnahme an Sitzungen, Seminaren und Veranstaltungen zur Verf\u00fcgung stellen;<\/li>\n<li>alle anderen Informationen \u00fcber Sie, die Sie uns zum Zwecke der Organisation und Planung unserer Aktivit\u00e4ten zur Verf\u00fcgung stellen.<\/li>\n<\/ul>\n<p>&#8220;Verarbeitung&#8221; bedeutet daher jede Verarbeitung Ihrer personenbezogenen Daten, wie z. B.:<\/p>\n<ul>\n<li>Erhebung und Speicherung<\/li>\n<li>Aktualisierung und \u00c4nderung;<\/li>\n<li>die Verwendung und Nutzung;<\/li>\n<li>die Verkn\u00fcpfung mit anderen Daten;<\/li>\n<li>die \u00dcbermittlung;<\/li>\n<li>die L\u00f6schung und Vernichtung von Daten.<\/li>\n<\/ul>\n<p>Wir erheben diese Daten, wenn Sie mit uns interagieren, wenn Sie mit unseren Mitarbeitern kommunizieren, unsere Website besuchen, sich f\u00fcr den Erhalt von Informationen per E-Mail anmelden oder an Veranstaltungen jeglicher Art teilnehmen, bei denen Daten weitergegeben werden. Wir k\u00f6nnen personenbezogene Daten aus anderen Quellen erheben, z. B. um Ihre Informationen \u00fcber \u00f6ffentlich zug\u00e4ngliche Quellen (wie Verbandsregister, Handelsregister, Presse, Internet) auf dem neuesten Stand zu halten, oder wir k\u00f6nnen solche Informationen direkt von Ihnen oder Ihren Mitarbeitern, Beh\u00f6rden oder anderen Dritten erhalten.<\/p>\n<h3>3. Zu welchem Zweck verarbeiten wir Ihre personenbezogenen Daten?<\/h3>\n<ul>\n<li>um mit Ihnen zu kommunizieren;<\/li>\n<li>zu Archivierungs- und anderen Verwaltungszwecken;<\/li>\n<li>um Ihre Anfragen und Bed\u00fcrfnisse zu analysieren, um Dienstleistungen oder Vorteile im Zusammenhang mit unserer Gesch\u00e4ftst\u00e4tigkeit f\u00fcr kommerzielle und nicht kommerzielle Zwecke zu erbringen ;<\/li>\n<li>um unsere IT- und sonstigen Ressourcen zu verwalten und zu steuern;<br \/>\num bestimmte Informationen an Zielgruppen auf elektronischem Wege zu versenden (vorausgesetzt, Sie haben dem Erhalt dieser Informationen nicht widersprochen);<\/li>\n<li>um mit anderen Unternehmen, Gruppen oder Verb\u00e4nden zu kooperativen, exekutiven, kommerziellen oder anderen Zwecken zusammenzuarbeiten.<\/li>\n<\/ul>\n<h3>4. An wen geben wir Ihre pers\u00f6nlichen Daten weiter?<\/h3>\n<p>Personenbezogene Daten werden vertraulich behandelt. Unsere Mitarbeiter haben Zugang zu Ihren personenbezogenen Daten, soweit dies f\u00fcr die beschriebenen Zwecke und f\u00fcr ihre Arbeit bei uns erforderlich ist.<br \/>\nDazu geh\u00f6ren auch Mitarbeiter in unterst\u00fctzenden Bereichen wie IT, Buchhaltung und Verwaltung. Sie sind zur Vertraulichkeit bei der Verarbeitung personenbezogener Daten verpflichtet. Wir k\u00f6nnen Ihre personenbezogenen Daten auch an Dritte weitergeben, deren Dienste wir in Anspruch nehmen.<\/p>\n<h3>5. Wie verarbeiten wir personenbezogene Daten im Zusammenhang mit Websites und Apps?<\/h3>\n<p>Wenn Sie unsere Website besuchen und\/oder unsere Apps nutzen, verarbeiten wir Ihre personenbezogenen Daten (wie oben in der Richtlinie angegeben), um Ihnen die Website oder die App zur Verf\u00fcgung zu stellen, die IT-Sicherheit zu gew\u00e4hrleisten und die Benutzerfreundlichkeit f\u00fcr die Nutzer zu verbessern. Dar\u00fcber hinaus verwenden wir Cookies (Dateien, die auf Ihrem Ger\u00e4t gespeichert werden) und \u00e4hnliche Technologien, wenn Sie unsere Website besuchen oder unsere Apps nutzen. Einige Cookies sind f\u00fcr das ordnungsgem\u00e4\u00dfe Funktionieren der Website erforderlich, w\u00e4hrend andere verwendet werden, um bestimmte Einstellungen (z. B. den Standort f\u00fcr die Sprache der Website) f\u00fcr eine sp\u00e4tere Bezugnahme zu speichern, anonyme Statistiken \u00fcber die Nutzung unserer Website zu erstellen und bestimmte Inhalte auf unserer Website zu personalisieren.<\/p>\n<p>Das Hosting unserer Website erhebt und speichert automatisch f\u00fcr eine begrenzte Zeit Protokolldaten und Ger\u00e4teinformationen, wenn Sie auf unsere Website zugreifen und sie nutzen. Zu diesen Informationen geh\u00f6ren Einzelheiten \u00fcber Ihre Nutzung unserer Website, Ihre IP-Adresse, die Daten und Uhrzeiten, zu denen Sie auf unsere Website zugreifen, die Webseiten, die Sie besucht haben, bevor Sie auf unsere Website gelangt sind, die Webseiten, die Sie w\u00e4hrend des Besuchs unserer Website angesehen haben, der von Ihnen verwendete Browser, Hardware- und Softwareinformationen, Informationen \u00fcber Ihr Ger\u00e4t und \u00e4hnliche Informationen. Wir verwenden diese Daten, um unsere Website zu betreiben, zu warten, zu sch\u00fctzen und zu verbessern; unser Website-Hosting-Provider analysiert die Daten in anonymisierter Form.<\/p>\n<h3>5.1 Cookies von Dritten<\/h3>\n<p>Unsere Website kann Schriftdateien bereitstellen und Schriftarten mit Google Fonts und\/oder Adobe Fonts anzeigen. Um Ihnen diese Website ordnungsgem\u00e4\u00df anzeigen zu k\u00f6nnen, k\u00f6nnen diese Drittanbieter pers\u00f6nliche Informationen \u00fcber Sie erhalten, einschlie\u00dflich: Browser-, Netzwerk- oder Ger\u00e4teinformationen; Informationen \u00fcber diese Website und die von Ihnen angezeigte Seite; Ihre IP-Adresse.<\/p>\n<p>Externe Anwendungen verwenden Cookies von Drittanbietern, damit diese die f\u00fcr die Bereitstellung ihrer Dienste erforderlichen Daten erfassen k\u00f6nnen. Wir \u00fcbermitteln keine personenbezogenen Daten an diese Anbieter.<\/p>\n<p>Ein Beispiel f\u00fcr einen Analysedienst ist Google Analytics von Google LLC in den USA und Google Ireland Limited in Irland (zusammen &#8220;Google&#8221;). Google verwendet Cookies, um Informationen \u00fcber Ihre Nutzung unserer Website oder Apps und das von Ihnen verwendete Ger\u00e4t (Tablet, PC, Smartphone usw.) zu sammeln, z. B. Informationen \u00fcber Ihren Browser, die Website, von der Sie gekommen sind, den Namen Ihres Providers, Ihre IP-Adresse, das Datum und die Uhrzeit Ihres Zugriffs auf die Website, die von Ihnen besuchten Seiten und die Verweildauer sowie m\u00f6glicherweise Besuche auf anderen Websites und Apps. Auf Basis dieser Informationen erhalten wir Analysen von Google. Google speichert diese Informationen in den USA; Ihre IP-Adresse wird jedoch erst in der EU oder im EWR gek\u00fcrzt. Sie k\u00f6nnen die Nutzung von Google Analytics \u00fcber Ihre Datenschutzeinstellungen oder \u00fcber ein Browser-Add-on, das Sie unter https:\/\/tools.google.com\/dlpage\/gaoptout herunterladen und installieren k\u00f6nnen, verhindern.<\/p>\n<p>Soziale Medien wie Facebook oder Instagram verwenden Cookies, um Informationen wie die Anzahl der Personen oder demografische Daten von Nutzern zu sammeln, die Beitr\u00e4ge auf unseren Unternehmensseiten ansehen oder kommentieren. Wir k\u00f6nnen von diesen Social-Media-Seiten Bewertungen erhalten, die nur aggregierte oder anderweitig ausreichend anonymisierte Daten enthalten. Wir verwenden diese Informationen, um unsere auf der jeweiligen Social-Media-Seite angebotenen Inhalte und Dienste weiterzuentwickeln, damit sie f\u00fcr die Nutzer von gr\u00f6\u00dferem Interesse sein k\u00f6nnen. Die Erhebung und Verarbeitung personenbezogener Daten im Zusammenhang mit Social-Media-Analysediensten liegt in erster Linie in der Verantwortung dieser Social-Media-Unternehmen als Anbieter der Analysedienste.<\/p>\n<p>Wir k\u00f6nnen Social-Media-Plug-Ins verwenden, die an dem Logo erkennbar sind, das auf ausgew\u00e4hlten Inhalten unserer Website platziert ist. Die Plug-ins erleichtern das Empfehlen und Teilen ausgew\u00e4hlter Inhalte von unserer Website auf Social-Media-Plattformen wie LinkedIn, Xing, Twitter, Instagram und Facebook. Wenn Sie mit solchen Social-Media-Plattformen interagieren, werden die entsprechenden Informationen weitergeleitet und Ihr Besuch wird von diesen Plattformen erkannt.<\/p>\n<h3>6. Wie lange wir Ihre personenbezogenen Daten aufbewahren<\/h3>\n<p>Wir bewahren Ihre personenbezogenen Daten so lange auf, wie es f\u00fcr die Erreichung der Zwecke, f\u00fcr die sie erhoben wurden, erforderlich ist, und solange wir ein berechtigtes Interesse daran haben, sie aufzubewahren, z. B. zur Durchsetzung oder Abwehr von Urheberrechtsverletzungen oder aufgrund von Aufbewahrungs- und Speicherungspflichten. Wir bewahren Ihre personenbezogenen Daten auch so lange auf, wie sie einer gesetzlichen Aufbewahrungspflicht unterliegen.<\/p>\n<h3>7. Datensicherheit<\/h3>\n<p>Wir setzen geeignete technische und organisatorische Ma\u00dfnahmen ein, um Ihre personenbezogenen Daten vor unbefugtem Zugriff, Verwendung, Verlust, Ver\u00e4nderung oder Zerst\u00f6rung zu sch\u00fctzen. Unsere Website verwendet das SSL-Verschl\u00fcsselungsverfahren.<\/p>\n<h3>8. Wann \u00fcbermitteln wir Ihre personenbezogenen Daten ins Ausland?<\/h3>\n<p>Die Empf\u00e4nger Ihrer personenbezogenen Daten k\u00f6nnen sich auch im Ausland befinden, beispielsweise au\u00dferhalb der Europ\u00e4ischen Union oder des Europ\u00e4ischen Wirtschaftsraums. Die entsprechenden L\u00e4nder verf\u00fcgen m\u00f6glicherweise nicht \u00fcber Gesetze, die Ihre personenbezogenen Daten in gleichem Ma\u00dfe sch\u00fctzen wie die Schweiz, die EU oder der EWR. Wenn wir personenbezogene Daten in eines dieser L\u00e4nder \u00fcbermitteln, ergreifen wir die erforderlichen Ma\u00dfnahmen, um sie zu sch\u00fctzen.<\/p>\n<h3>9. Welche Rechte haben Sie in Bezug auf die Verarbeitung Ihrer personenbezogenen Daten?<\/h3>\n<p>Sie k\u00f6nnen jederzeit Widerspruch gegen die Verarbeitung Ihrer Daten einlegen. Innerhalb des f\u00fcr Sie geltenden Rechtsrahmens haben Sie au\u00dferdem das Recht auf Zugang, Berichtigung, L\u00f6schung und Einschr\u00e4nkung der Verarbeitung Ihrer Daten, auf Widerspruch gegen die Verarbeitung Ihrer Daten durch uns und darauf, von uns unentgeltlich die personenbezogenen Daten, die Sie uns zur Verf\u00fcgung gestellt haben, in einem lesbaren Format zu erhalten. Sie haben auch das Recht, Ihre Einwilligung zu widerrufen, ohne dass die Rechtm\u00e4\u00dfigkeit der bis zum Widerruf erfolgten Datenverarbeitung ber\u00fchrt wird. Dar\u00fcber hinaus k\u00f6nnen Sie eine Beschwerde bei der zust\u00e4ndigen Datenschutzbeh\u00f6rde einreichen.[\/vc_column_text][vc_column_text text_lead=&#8221;small&#8221; uncode_shortcode_id=&#8221;122074&#8243;]<\/p>\n<h3>10. Rechtliche Aspekte<\/h3>\n<p>Obwohl NomeAzienda mit gro\u00dfer Sorgfalt auf die Richtigkeit der ver\u00f6ffentlichten Informationen achtet, kann hinsichtlich der inhaltlichen Richtigkeit, Genauigkeit, Aktualit\u00e4t, Zuverl\u00e4ssigkeit und Vollst\u00e4ndigkeit dieser Informationen keine Gew\u00e4hrleistung \u00fcbernommen werden. Haftungsanspr\u00fcche gegen NomeAzienda wegen Sch\u00e4den materieller oder immaterieller Art, welche aus dem Zugriff oder der Nutzung bzw. Nichtnutzung der ver\u00f6ffentlichten Informationen, durch Missbrauch der Verbindung oder durch technische St\u00f6rungen bzw. Manipulationen durch unberechtigte Dritte entstanden sind, werden im Rahmen des gesetzlich Zul\u00e4ssigen ausgeschlossen.<\/p>\n<p>Verweise und Links zu Webseiten Dritter liegen nicht in der Verantwortung von NomeAzienda. Sie konsultieren und nutzen diese Webseiten auf eigenes Risiko. NomeAzienda erkl\u00e4rt ausdr\u00fccklich, dass sie keinen Einfluss auf die Gestaltung, den Inhalt und die Angebote der verlinkten Seiten hat. F\u00fcr die auf diesen Webseiten angebotenen Informationen und Dienstleistungen sind ausschlie\u00dflich die jeweiligen Autoren verantwortlich. NomeAzienda lehnt jede Haftung f\u00fcr diese Webseiten ab.<\/p>\n<h3>11. Urheberrechte und Nutzungsrechte<\/h3>\n<p>Das Urheberrecht und alle anderen Rechte, die mit dieser Website und ihren Inhalten wie Fotos, Grafiken, Filmen, Texten und Darstellungen (die &#8220;Inhalte&#8221;) verbunden sind, sind das ausschlie\u00dfliche Eigentum von NomeAzienda bzw. ihrer ausdr\u00fccklich genannten Eigent\u00fcmer.<\/p>\n<p>Die von NomeAzienda auf dieser Website und in den Apps ver\u00f6ffentlichten Inhalte d\u00fcrfen nur f\u00fcr den eigenen pers\u00f6nlichen Gebrauch verwendet werden. Die Vervielf\u00e4ltigung und Weitergabe von Inhalten an Dritte ist nicht gestattet. Das Herunterladen oder Kopieren von Inhalten, Bildern, Fotos oder anderen Inhalten impliziert keine \u00dcbertragung von Rechten.<\/p>\n<p>Es ist nicht gestattet, die von NomeAzienda elektronisch zur Verf\u00fcgung gestellten Dienste in einer Art und Weise zu nutzen, die die Infrastruktur der Hosts von NomeAzienda gef\u00e4hrdet, \u00fcberlastet oder besch\u00e4digt oder die Nutzung der Webplattform oder Apps durch andere Nutzer behindert. Insbesondere ist es ausdr\u00fccklich untersagt, Daten von der Website durch Webroboter (Crawler) oder andere automatisierte Verfahren herunterzuladen oder zu verarbeiten.[\/vc_column_text][vc_column_text text_lead=&#8221;small&#8221; uncode_shortcode_id=&#8221;305732&#8243;]<\/p>\n<h3>12. \u00c4nderungen an dieser Datenschutzerkl\u00e4rung und den Rechtsgrundlagen<\/h3>\n<p>Wir behalten uns das Recht vor, diese Datenschutzerkl\u00e4rung und die Rechtsgrundlagen jederzeit und ohne Vorank\u00fcndigung zu \u00e4ndern. Es gilt die jeweils aktuelle, auf unserer Website ver\u00f6ffentlichte Fassung.[\/vc_column_text][\/vc_column][vc_column column_width_percent=&#8221;100&#8243; gutter_size=&#8221;3&#8243; override_padding=&#8221;yes&#8221; column_padding=&#8221;2&#8243; style=&#8221;dark&#8221; back_color=&#8221;color-196378&#8243; overlay_alpha=&#8221;50&#8243; radius=&#8221;std&#8221; shadow=&#8221;std&#8221; shift_x=&#8221;0&#8243; shift_y=&#8221;0&#8243; shift_y_down=&#8221;0&#8243; z_index=&#8221;0&#8243; medium_width=&#8221;0&#8243; mobile_width=&#8221;0&#8243; width=&#8221;1\/3&#8243; uncode_shortcode_id=&#8221;123877&#8243; back_color_type=&#8221;uncode-palette&#8221;][vc_column_text uncode_shortcode_id=&#8221;107804&#8243;]<\/p>\n<h3>\u00c4ndern der Cookie-Pr\u00e4ferenzen<\/h3>\n<p>&nbsp;<\/p>\n<p><a href=\"#\" class=\"gdpr-preferences \">Pr\u00e4ferenzen anpassen<\/a>[\/vc_column_text][vc_column_text uncode_shortcode_id=&#8221;193857&#8243;]<a class=\"iubenda-white iubenda-noiframe iubenda-embed iubenda-noiframe \" title=\"Datenschutzerkl\u00e4rung \" href=\"https:\/\/www.iubenda.com\/privacy-policy\/34341397\">Datenschutzerkl\u00e4rung<\/a><script type=\"text\/javascript\">(function (w,d) {var loader = function () {var s = d.createElement(\"script\"), tag = d.getElementsByTagName(\"script\")[0]; s.src=\"https:\/\/cdn.iubenda.com\/iubenda.js\"; tag.parentNode.insertBefore(s,tag);}; if(w.addEventListener){w.addEventListener(\"load\", loader, false);}else if(w.attachEvent){w.attachEvent(\"onload\", loader);}else{w.onload = loader;}})(window, document);<\/script>[\/vc_column_text][vc_column_text uncode_shortcode_id=&#8221;139405&#8243;]<a class=\"iubenda-white iubenda-noiframe iubenda-embed iubenda-noiframe \" title=\"Cookie-Richtlinie \" href=\"https:\/\/www.iubenda.com\/privacy-policy\/34341397\/cookie-policy\">Cookie-Richtlinie<\/a><script type=\"text\/javascript\">(function (w,d) {var loader = function () {var s = d.createElement(\"script\"), tag = d.getElementsByTagName(\"script\")[0]; s.src=\"https:\/\/cdn.iubenda.com\/iubenda.js\"; tag.parentNode.insertBefore(s,tag);}; if(w.addEventListener){w.addEventListener(\"load\", loader, false);}else if(w.attachEvent){w.attachEvent(\"onload\", loader);}else{w.onload = loader;}})(window, document);<\/script>[\/vc_column_text][\/vc_column][\/vc_row]<\/p>\n<\/div>","protected":false},"excerpt":{"rendered":"<p>[vc_row row_height_percent=&#8221;0&#8243; override_padding=&#8221;yes&#8221; h_padding=&#8221;2&#8243; top_padding=&#8221;4&#8243; bottom_padding=&#8221;4&#8243; overlay_alpha=&#8221;50&#8243; gutter_size=&#8221;3&#8243; column_width_percent=&#8221;100&#8243; shift_y=&#8221;0&#8243; z_index=&#8221;0&#8243; inverted_device_order=&#8221;yes&#8221; content_parallax=&#8221;0&#8243; uncode_shortcode_id=&#8221;122635&#8243;][vc_column width=&#8221;2\/3&#8243;][vc_empty_space empty_h=&#8221;2&#8243; desktop_visibility=&#8221;yes&#8221;][vc_custom_heading text_size=&#8221;fontsize-104866&#8243; uncode_shortcode_id=&#8221;198183&#8243;]Datenschutz und [&hellip;]<\/p>\n","protected":false},"author":1,"featured_media":0,"parent":0,"menu_order":0,"comment_status":"closed","ping_status":"open","template":"","meta":{"footnotes":""},"class_list":["post-156552","page","type-page","status-publish","hentry"],"yoast_head":"<!-- This site is optimized with the Yoast SEO plugin v27.1.1 - https:\/\/yoast.com\/product\/yoast-seo-wordpress\/ -->\n<title>Privacy Policy - Fortezza Home<\/title>\n<meta name=\"robots\" content=\"index, follow, max-snippet:-1, max-image-preview:large, max-video-preview:-1\" \/>\n<link rel=\"canonical\" href=\"https:\/\/www.fortezzahome.ch\/de\/privacy-policy\/\" \/>\n<meta property=\"og:locale\" content=\"de_DE\" \/>\n<meta property=\"og:type\" content=\"article\" \/>\n<meta property=\"og:title\" content=\"Privacy Policy - Fortezza Home\" \/>\n<meta property=\"og:description\" content=\"[vc_row row_height_percent=&#8221;0&#8243; override_padding=&#8221;yes&#8221; h_padding=&#8221;2&#8243; top_padding=&#8221;4&#8243; bottom_padding=&#8221;4&#8243; overlay_alpha=&#8221;50&#8243; gutter_size=&#8221;3&#8243; column_width_percent=&#8221;100&#8243; shift_y=&#8221;0&#8243; z_index=&#8221;0&#8243; inverted_device_order=&#8221;yes&#8221; content_parallax=&#8221;0&#8243; uncode_shortcode_id=&#8221;122635&#8243;][vc_column width=&#8221;2\/3&#8243;][vc_empty_space empty_h=&#8221;2&#8243; desktop_visibility=&#8221;yes&#8221;][vc_custom_heading text_size=&#8221;fontsize-104866&#8243; uncode_shortcode_id=&#8221;198183&#8243;]Datenschutz und [&hellip;]\" \/>\n<meta property=\"og:url\" content=\"https:\/\/www.fortezzahome.ch\/de\/privacy-policy\/\" \/>\n<meta property=\"og:site_name\" content=\"Fortezza Home\" \/>\n<meta property=\"article:modified_time\" content=\"2025-12-04T17:04:36+00:00\" \/>\n<meta property=\"og:image\" content=\"https:\/\/www.fortezzahome.ch\/site\/wp-content\/uploads\/2025\/11\/Logo-Fortezza-home-legno-web-O25-02.png\" \/>\n\t<meta property=\"og:image:width\" content=\"1280\" \/>\n\t<meta property=\"og:image:height\" content=\"326\" \/>\n\t<meta property=\"og:image:type\" content=\"image\/png\" \/>\n<meta name=\"twitter:card\" content=\"summary_large_image\" \/>\n<meta name=\"twitter:label1\" content=\"Gesch\u00e4tzte Lesezeit\" \/>\n\t<meta name=\"twitter:data1\" content=\"9 minutes\" \/>\n<script type=\"application\/ld+json\" class=\"yoast-schema-graph\">{\"@context\":\"https:\/\/schema.org\",\"@graph\":[{\"@type\":\"WebPage\",\"@id\":\"https:\/\/www.fortezzahome.ch\/de\/privacy-policy\/\",\"url\":\"https:\/\/www.fortezzahome.ch\/de\/privacy-policy\/\",\"name\":\"Privacy Policy - Fortezza Home\",\"isPartOf\":{\"@id\":\"https:\/\/www.fortezzahome.ch\/de\/#website\"},\"datePublished\":\"2025-04-02T13:41:12+00:00\",\"dateModified\":\"2025-12-04T17:04:36+00:00\",\"breadcrumb\":{\"@id\":\"https:\/\/www.fortezzahome.ch\/de\/privacy-policy\/#breadcrumb\"},\"inLanguage\":\"de-DE\",\"potentialAction\":[{\"@type\":\"ReadAction\",\"target\":[\"https:\/\/www.fortezzahome.ch\/de\/privacy-policy\/\"]}]},{\"@type\":\"BreadcrumbList\",\"@id\":\"https:\/\/www.fortezzahome.ch\/de\/privacy-policy\/#breadcrumb\",\"itemListElement\":[{\"@type\":\"ListItem\",\"position\":1,\"name\":\"Home\",\"item\":\"https:\/\/www.fortezzahome.ch\/de\/\"},{\"@type\":\"ListItem\",\"position\":2,\"name\":\"Privacy Policy\"}]},{\"@type\":\"WebSite\",\"@id\":\"https:\/\/www.fortezzahome.ch\/de\/#website\",\"url\":\"https:\/\/www.fortezzahome.ch\/de\/\",\"name\":\"Fortezza Home - Casa\",\"description\":\"serviced apartments\",\"publisher\":{\"@id\":\"https:\/\/www.fortezzahome.ch\/de\/#organization\"},\"alternateName\":\"Fortezza Home - Serviced apartements\",\"potentialAction\":[{\"@type\":\"SearchAction\",\"target\":{\"@type\":\"EntryPoint\",\"urlTemplate\":\"https:\/\/www.fortezzahome.ch\/de\/?s={search_term_string}\"},\"query-input\":{\"@type\":\"PropertyValueSpecification\",\"valueRequired\":true,\"valueName\":\"search_term_string\"}}],\"inLanguage\":\"de-DE\"},{\"@type\":\"Organization\",\"@id\":\"https:\/\/www.fortezzahome.ch\/de\/#organization\",\"name\":\"Fortezza Home - Casa\",\"url\":\"https:\/\/www.fortezzahome.ch\/de\/\",\"logo\":{\"@type\":\"ImageObject\",\"inLanguage\":\"de-DE\",\"@id\":\"https:\/\/www.fortezzahome.ch\/de\/#\/schema\/logo\/image\/\",\"url\":\"https:\/\/www.fortezzahome.ch\/site\/wp-content\/uploads\/2025\/11\/Logo-Fortezza-home-legno-web-O25-02.png\",\"contentUrl\":\"https:\/\/www.fortezzahome.ch\/site\/wp-content\/uploads\/2025\/11\/Logo-Fortezza-home-legno-web-O25-02.png\",\"width\":1280,\"height\":326,\"caption\":\"Fortezza Home - Casa\"},\"image\":{\"@id\":\"https:\/\/www.fortezzahome.ch\/de\/#\/schema\/logo\/image\/\"}}]}<\/script>\n<!-- \/ Yoast SEO plugin. -->","yoast_head_json":{"title":"Privacy Policy - Fortezza Home","robots":{"index":"index","follow":"follow","max-snippet":"max-snippet:-1","max-image-preview":"max-image-preview:large","max-video-preview":"max-video-preview:-1"},"canonical":"https:\/\/www.fortezzahome.ch\/de\/privacy-policy\/","og_locale":"de_DE","og_type":"article","og_title":"Privacy Policy - Fortezza Home","og_description":"[vc_row row_height_percent=&#8221;0&#8243; override_padding=&#8221;yes&#8221; h_padding=&#8221;2&#8243; top_padding=&#8221;4&#8243; bottom_padding=&#8221;4&#8243; overlay_alpha=&#8221;50&#8243; gutter_size=&#8221;3&#8243; column_width_percent=&#8221;100&#8243; shift_y=&#8221;0&#8243; z_index=&#8221;0&#8243; inverted_device_order=&#8221;yes&#8221; content_parallax=&#8221;0&#8243; uncode_shortcode_id=&#8221;122635&#8243;][vc_column width=&#8221;2\/3&#8243;][vc_empty_space empty_h=&#8221;2&#8243; desktop_visibility=&#8221;yes&#8221;][vc_custom_heading text_size=&#8221;fontsize-104866&#8243; uncode_shortcode_id=&#8221;198183&#8243;]Datenschutz und [&hellip;]","og_url":"https:\/\/www.fortezzahome.ch\/de\/privacy-policy\/","og_site_name":"Fortezza Home","article_modified_time":"2025-12-04T17:04:36+00:00","og_image":[{"width":1280,"height":326,"url":"https:\/\/www.fortezzahome.ch\/site\/wp-content\/uploads\/2025\/11\/Logo-Fortezza-home-legno-web-O25-02.png","type":"image\/png"}],"twitter_card":"summary_large_image","twitter_misc":{"Gesch\u00e4tzte Lesezeit":"9 minutes"},"schema":{"@context":"https:\/\/schema.org","@graph":[{"@type":"WebPage","@id":"https:\/\/www.fortezzahome.ch\/de\/privacy-policy\/","url":"https:\/\/www.fortezzahome.ch\/de\/privacy-policy\/","name":"Privacy Policy - Fortezza Home","isPartOf":{"@id":"https:\/\/www.fortezzahome.ch\/de\/#website"},"datePublished":"2025-04-02T13:41:12+00:00","dateModified":"2025-12-04T17:04:36+00:00","breadcrumb":{"@id":"https:\/\/www.fortezzahome.ch\/de\/privacy-policy\/#breadcrumb"},"inLanguage":"de-DE","potentialAction":[{"@type":"ReadAction","target":["https:\/\/www.fortezzahome.ch\/de\/privacy-policy\/"]}]},{"@type":"BreadcrumbList","@id":"https:\/\/www.fortezzahome.ch\/de\/privacy-policy\/#breadcrumb","itemListElement":[{"@type":"ListItem","position":1,"name":"Home","item":"https:\/\/www.fortezzahome.ch\/de\/"},{"@type":"ListItem","position":2,"name":"Privacy Policy"}]},{"@type":"WebSite","@id":"https:\/\/www.fortezzahome.ch\/de\/#website","url":"https:\/\/www.fortezzahome.ch\/de\/","name":"Fortezza Home - Casa","description":"serviced apartments","publisher":{"@id":"https:\/\/www.fortezzahome.ch\/de\/#organization"},"alternateName":"Fortezza Home - Serviced apartements","potentialAction":[{"@type":"SearchAction","target":{"@type":"EntryPoint","urlTemplate":"https:\/\/www.fortezzahome.ch\/de\/?s={search_term_string}"},"query-input":{"@type":"PropertyValueSpecification","valueRequired":true,"valueName":"search_term_string"}}],"inLanguage":"de-DE"},{"@type":"Organization","@id":"https:\/\/www.fortezzahome.ch\/de\/#organization","name":"Fortezza Home - Casa","url":"https:\/\/www.fortezzahome.ch\/de\/","logo":{"@type":"ImageObject","inLanguage":"de-DE","@id":"https:\/\/www.fortezzahome.ch\/de\/#\/schema\/logo\/image\/","url":"https:\/\/www.fortezzahome.ch\/site\/wp-content\/uploads\/2025\/11\/Logo-Fortezza-home-legno-web-O25-02.png","contentUrl":"https:\/\/www.fortezzahome.ch\/site\/wp-content\/uploads\/2025\/11\/Logo-Fortezza-home-legno-web-O25-02.png","width":1280,"height":326,"caption":"Fortezza Home - Casa"},"image":{"@id":"https:\/\/www.fortezzahome.ch\/de\/#\/schema\/logo\/image\/"}}]}},"_links":{"self":[{"href":"https:\/\/www.fortezzahome.ch\/de\/wp-json\/wp\/v2\/pages\/156552","targetHints":{"allow":["GET"]}}],"collection":[{"href":"https:\/\/www.fortezzahome.ch\/de\/wp-json\/wp\/v2\/pages"}],"about":[{"href":"https:\/\/www.fortezzahome.ch\/de\/wp-json\/wp\/v2\/types\/page"}],"author":[{"embeddable":true,"href":"https:\/\/www.fortezzahome.ch\/de\/wp-json\/wp\/v2\/users\/1"}],"replies":[{"embeddable":true,"href":"https:\/\/www.fortezzahome.ch\/de\/wp-json\/wp\/v2\/comments?post=156552"}],"version-history":[{"count":12,"href":"https:\/\/www.fortezzahome.ch\/de\/wp-json\/wp\/v2\/pages\/156552\/revisions"}],"predecessor-version":[{"id":156595,"href":"https:\/\/www.fortezzahome.ch\/de\/wp-json\/wp\/v2\/pages\/156552\/revisions\/156595"}],"wp:attachment":[{"href":"https:\/\/www.fortezzahome.ch\/de\/wp-json\/wp\/v2\/media?parent=156552"}],"curies":[{"name":"wp","href":"https:\/\/api.w.org\/{rel}","templated":true}]}}